{"id":266,"date":"2020-03-26T19:02:03","date_gmt":"2020-03-26T18:02:03","guid":{"rendered":"http:\/\/www.mkdruckdesign.at\/?post_type=product&#038;p=266"},"modified":"2023-11-22T00:00:49","modified_gmt":"2023-11-21T23:00:49","slug":"fussbodenaufkleber","status":"publish","type":"product","link":"https:\/\/www.mkdruckdesign.at\/?product=fussbodenaufkleber","title":{"rendered":"Fu\u00dfbodenaufkleber"},"content":{"rendered":"<ul>\n<li>spezielle Folie zum Verkleben auf dem Boden im Innenbereich (indoor) \/ Au\u00dfenbereich (outdoor)<\/li>\n<li>langfristiger Halt, aber jederzeit einfach und ohne Kleber\u00fcckst\u00e4nde wieder abziehbar<\/li>\n<li>mit kratz- und rutschfester Schutzlaminierung f\u00fcr eine lange Lebensdauer<\/li>\n<li>kann ohne Probleme nass oder trocken gereinigt werden<\/li>\n<li>sehr einfach zu verkleben, auch ohne Werkzeuge und Vorkenntnisse<\/li>\n<li>zertifiziert mit B1 (schwer entflammbar) und\u00a0R9 (rutschhemmend)<\/li>\n<li>dank h\u00f6chster Druckqualit\u00e4t f\u00fcr alle Einsatzorte geeignet<\/li>\n<li>umfangreiche Farbmotivauswahl f\u00fcr Corporate Identity und Branding-Korrespondenz<\/li>\n<li>in verschiedenen Gr\u00f6\u00dfen erh\u00e4ltlich<\/li>\n<\/ul>\n","protected":false},"excerpt":{"rendered":"<p>spezielle Folie zum Verkleben auf dem Boden im Innenbereich (indoor) \/ Au\u00dfenbereich (outdoor) langfristiger Halt, aber jederzeit einfach und ohne Kleber\u00fcckst\u00e4nde wieder abziehbar mit kratz- und rutschfester Schutzlaminierung f\u00fcr eine lange Lebensdauer kann ohne Probleme nass oder trocken gereinigt werden sehr einfach zu verkleben, auch ohne Werkzeuge und Vorkenntnisse zertifiziert mit B1 (schwer entflammbar) und\u00a0R9 [&hellip;]<\/p>\n","protected":false},"featured_media":267,"comment_status":"open","ping_status":"closed","template":"","meta":[],"product_cat":[38],"product_tag":[],"_links":{"self":[{"href":"https:\/\/www.mkdruckdesign.at\/index.php?rest_route=\/wp\/v2\/product\/266"}],"collection":[{"href":"https:\/\/www.mkdruckdesign.at\/index.php?rest_route=\/wp\/v2\/product"}],"about":[{"href":"https:\/\/www.mkdruckdesign.at\/index.php?rest_route=\/wp\/v2\/types\/product"}],"replies":[{"embeddable":true,"href":"https:\/\/www.mkdruckdesign.at\/index.php?rest_route=%2Fwp%2Fv2%2Fcomments&post=266"}],"wp:featuredmedia":[{"embeddable":true,"href":"https:\/\/www.mkdruckdesign.at\/index.php?rest_route=\/wp\/v2\/media\/267"}],"wp:attachment":[{"href":"https:\/\/www.mkdruckdesign.at\/index.php?rest_route=%2Fwp%2Fv2%2Fmedia&parent=266"}],"wp:term":[{"taxonomy":"product_cat","embeddable":true,"href":"https:\/\/www.mkdruckdesign.at\/index.php?rest_route=%2Fwp%2Fv2%2Fproduct_cat&post=266"},{"taxonomy":"product_tag","embeddable":true,"href":"https:\/\/www.mkdruckdesign.at\/index.php?rest_route=%2Fwp%2Fv2%2Fproduct_tag&post=266"}],"curies":[{"name":"wp","href":"https:\/\/api.w.org\/{rel}","templated":true}]}}